{"id":1506,"date":"2024-12-17T15:46:09","date_gmt":"2024-12-17T14:46:09","guid":{"rendered":"https:\/\/scienzaviva.it\/?page_id=1506"},"modified":"2025-06-30T20:13:42","modified_gmt":"2025-06-30T18:13:42","slug":"premiotoglia2025","status":"publish","type":"page","link":"https:\/\/scienzaviva.it\/index.php\/premiotoglia2025\/","title":{"rendered":"Premio Toglia 2025"},"content":{"rendered":"\n<h2 class=\"wp-block-heading\"><strong>PREMIO \u201cCreativit\u00e0 e Scienza nella costruzione di exhibit<\/strong>\u201d<br>in memoria di CANIO LELIO TOGLIA<br>II Edizione \u2013 A.S. 2024-2025<\/h2>\n\n\n<div class=\"wp-block-image\">\n<figure class=\"aligncenter size-medium\"><img loading=\"lazy\" decoding=\"async\" width=\"300\" height=\"225\" src=\"https:\/\/scienzaviva.it\/wp-content\/uploads\/2024\/02\/01-300x225.jpg\" alt=\"\" class=\"wp-image-1371\" srcset=\"https:\/\/scienzaviva.it\/wp-content\/uploads\/2024\/02\/01-300x225.jpg 300w, https:\/\/scienzaviva.it\/wp-content\/uploads\/2024\/02\/01-1024x768.jpg 1024w, https:\/\/scienzaviva.it\/wp-content\/uploads\/2024\/02\/01-768x576.jpg 768w, https:\/\/scienzaviva.it\/wp-content\/uploads\/2024\/02\/01-1536x1152.jpg 1536w, https:\/\/scienzaviva.it\/wp-content\/uploads\/2024\/02\/01.jpg 1600w\" sizes=\"auto, (max-width: 300px) 100vw, 300px\" \/><\/figure><\/div>\n\n\n<p class=\"has-text-align-center\"><strong>Premessa<\/strong><\/p>\n\n\n\n<p>Per onorare la memoria di Canio Lelio Toglia, docente, ingegnere, divulgatore<br>scientifico e costruttore di exhibit scientifici, l&#8217;Associazione ScienzaViva, di cui \u00e8<br>stato fondatore e Presidente, e la famiglia Toglia bandiscono un premio nel suo nome,<br>da assegnarsi per concorso nelle modalit\u00e0 di seguito esposte.<\/p>\n\n\n\n<p>L&#8217;obiettivo del concorso \u00e8 quello di contribuire alla diffusione della cultura scientifica<br>nonch\u00e9 allo sviluppo della manualit\u00e0. A tal fine, i candidati sono chiamati a cimentarsi<br>con la costruzione di un exhibit cio\u00e8 di un&#8217;apparecchiatura mediante la quale si possa<br>mostrare in modo semplice e comprensibile un dato fenomeno scientifico.<br>Nell&#8217;ideazione e nella realizzazione di un congegno di tal tipo \u00e8 importante, quindi, non<br>solo conoscere il fenomeno preso in considerazione, ma soprattutto far s\u00ec che esso<br>possa essere agevolmente spiegato agli altri.<\/p>\n\n\n\n<p>La parola &#8220;creativit\u00e0\u201d nel titolo del concorso vuole sottolineare sia l&#8217;ingegno richiesto nel costruirlo, magari con materiali di facile reperibilit\u00e0, sia la bellezza del suo aspetto<\/p>\n\n\n\n<p class=\"has-text-align-center\"><strong>Regolamento del PREMIO \u201cCreativit\u00e0<\/strong> <strong>e Scienza nella costruzione di exhibit\u201d <\/strong><br><strong>&nbsp;II Edizione, 2024-2025<\/strong><\/p>\n\n\n\n<p class=\"has-text-align-center\"><strong>Art.1<\/strong><br><strong>Destinatari<\/strong><\/p>\n\n\n\n<p>Il concorso \u00e8 rivolto alle alunne e agli alunni di scuola&nbsp; secondaria di tutto il territorio nazionale, divisi in due categorie: (I) scuola secondaria di primo grado; (II) scuola secondaria di secondo grado.<\/p>\n\n\n\n<p class=\"has-text-align-center\"><strong>Art.2<\/strong><br><strong>Oggetto del premio<\/strong><\/p>\n\n\n\n<p>Oggetto del concorso \u00e8 la progettazione, realizzazione e illustrazione di un exhibit<br>scientifico: un&#8217;apparecchiatura realizzata possibilmente con materiale di facile<br>reperibilit\u00e0 che illustri in modo semplice e comprensibile un fenomeno scientifico.<br>Al lavoro vincitore in ciascuna delle due categorie di cui all&#8217;Art.1 verr\u00e0 riconosciuto un<br>premio del valore di euro 500, da distribuirsi agli alunni che l&#8217;hanno realizzato.<br>Agli Istituti Scolastici di provenienza ed ai docenti referenti degli alunni premiati verr\u00e0<br>consegnata una Targa ricordo.<\/p>\n\n\n\n<p class=\"has-text-align-center\"><strong>Art.3<\/strong><br><strong>Modalit\u00e0 di partecipazione e produzione degli exhibit<\/strong><\/p>\n\n\n\n<p>Possono partecipare singoli alunni, gruppi di alunni di una classe o di pi\u00f9 classi.<\/p>\n\n\n\n<p>La costruzione dell\u2019exhibit sar\u00e0 documentata mediante un video che non dovr\u00e0 superare la durata massima di 5 minuti. In esso si evidenzieranno i materiali usati nella realizzazione dell\u2019apparecchiatura, le varie fasi del lavoro eseguito e si illustrer\u00e0 il particolare fenomeno per il quale l\u2019exhibit \u00e8 stato progettato.<\/p>\n\n\n\n<p>Una volta realizzato il video, occorrer\u00e0 inviarlo tramite wetransfer.com, o mediante un servizio di trasferimento simile, al seguente indirizzo di posta elettronica: <a href=\"mailto:premioclt@scienzaviva.it\" target=\"_blank\" rel=\"noreferrer noopener\">premioclt@scienzaviva.it<\/a> con il titolo \u201cPartecipazione al Premio Toglia 2025\u201d e, nel messaggio, il nominativo dell\u2019alunno o degli alunni proponenti e quello del docente referente. Alla stessa mail dovr\u00e0 essere allegata la scheda&nbsp; compilata dai concorrenti e almeno un docente referente. Il modello di scheda pu\u00f2 essere scaricato dal link  <a href=\"https:\/\/scienzaviva.it\/index.php\/premiotoglia2025\/\" target=\"_blank\" rel=\"noreferrer noopener\">https:\/\/scienzaviva.it\/index.php\/premiotoglia2025\/<\/a><\/p>\n\n\n\n<p class=\"has-text-align-center\"><strong>Art. 4<\/strong><br><strong>Scadenza invio lavori<\/strong><\/p>\n\n\n\n<p>I video e la documentazione allegata dovranno pervenire entro il <strong>31 maggio 2025<\/strong>.<\/p>\n\n\n\n<p class=\"has-text-align-center\"><strong>Art. 5<\/strong><br><strong>Selezione dei lavori e premio<\/strong><\/p>\n\n\n\n<p>I lavori saranno valutati da una Commissione composta da docenti esperti nel settore.<br>La Commissione individuer\u00e0 il lavoro vincitore in ciascuna delle due categorie di cui<br>all&#8217;Art.1, con giudizio insindacabile tenendo conto dei seguenti criteri:<\/p>\n\n\n\n<ul class=\"wp-block-list\">\n<li>chiarezza del modo in cui \u00e8 stato costruito l&#8217;exhibit<\/li>\n\n\n\n<li>effettiva fruibilit\u00e0 del fenomeno mostrato nel video<\/li>\n\n\n\n<li>facile reperibilit\u00e0 dei materiali utilizzati<\/li>\n\n\n\n<li>livello di originalit\u00e0 e di creativit\u00e0<\/li>\n\n\n\n<li>completezza della scheda tecnica allegata<\/li>\n<\/ul>\n\n\n\n<p>I risultati della selezione saranno resi pubblici sul sito dell&#8217;Associazione ScienzaViva<br><a href=\"https:\/\/scienzaviva.it\/index.php\/premiotoglia2025\/\" target=\"_blank\" rel=\"noreferrer noopener\">https:\/\/scienzaviva.it\/index.php\/premiotoglia2025\/<\/a> entro il <strong>30 giugno 2025<\/strong>.<\/p>\n\n\n\n<p class=\"has-text-align-center\"><strong>Art.6<\/strong><br><strong>Premiazione<\/strong><\/p>\n\n\n\n<p>La premiazione avverr\u00e0 con una manifestazione pubblica che si svolger\u00e0 a Calitri (AV)<br>nel periodo fine agosto-inizio settembre 2025, in data che sar\u00e0 comunicata all&#8217;atto della<br>pubblicazione dei risultati. Sar\u00e0 possibile la partecipazione da remoto.<\/p>\n\n\n\n<p class=\"has-text-align-center\"><strong>Art.7<\/strong><br><strong>Privacy e liberatoria<\/strong><\/p>\n\n\n\n<p>I video inviati resteranno a disposizione dell\u2019Associazione ScienzaViva che li divulgher\u00e0 tramite il proprio sito internet e potr\u00e0 utilizzarli per la realizzazione di mostre e iniziative a scopo didattico ed educativo.<\/p>\n\n\n\n<p>I lavori dovranno pervenire corredati dal consenso al trattamento dei dati personali ai sensi del D.Lgs. 10 agosto 2018, n. 101, secondo quanto previsto dalla documentazione resa disponibile sul sito <a href=\"https:\/\/scienzaviva.it\/index.php\/premiotoglia2025\/\" target=\"_blank\" rel=\"noreferrer noopener\">https:\/\/scienzaviva.it\/index.php\/premiotoglia2025\/<\/a><\/p>\n\n\n\n<p class=\"has-text-align-center\"><strong>Art.8<\/strong><br><strong>Ulteriori informazioni<\/strong><\/p>\n\n\n\n<p>Per ulteriori informazioni contattare <a href=\"mailto:premioclt@scienzaviva.it\" target=\"_blank\" rel=\"noreferrer noopener\">premioclt@scienzaviva.it<\/a><\/p>\n\n\n\n<div class=\"wp-block-buttons is-layout-flex wp-block-buttons-is-layout-flex\">\n<div class=\"wp-block-button is-style-outline is-style-outline--1\"><a class=\"wp-block-button__link wp-element-button\" href=\"https:\/\/scienzaviva.it\/wp-content\/uploads\/2024\/12\/Premio-Canio-Lelio-Toglia-bando-di-concorso-II-edizione.pdf\" style=\"border-radius:0px\" target=\"_blank\" rel=\"noreferrer noopener\">Premio Canio Lelio Toglia bando di concorso II edizione.pdf &gt;&gt;&gt;<\/a><\/div>\n\n\n\n<div class=\"wp-block-button is-style-outline is-style-outline--2\"><a class=\"wp-block-button__link wp-element-button\" href=\"https:\/\/scienzaviva.it\/wp-content\/uploads\/2024\/12\/Scheda-Tecnica-Bando-Canio-Lelio-Toglia-II-edizione.docx\" style=\"border-radius:0px\" target=\"_blank\" rel=\"noreferrer noopener\">Scheda Tecnica Bando Canio Lelio Toglia II edizione.docx &gt;&gt;&gt;<\/a><\/div>\n<\/div>\n\n\n\n<h1 class=\"wp-block-heading\">Ecco i&nbsp; vincitori della II Edizione del Premio \u201cArte e scienza nella costruzione di exhibit\u201d, &nbsp;in memoria di Canio Lelio Toglia<\/h1>\n\n\n\n<p>La II edizione del Premio si \u00e8 chiusa con un grande successo, con la partecipazione di studenti e docenti di tutta Italia. L\u2019Associazione ScienzaViva ringrazia tutti i partecipanti, complimentandosi per l\u2019impegno profuso e per la qualit\u00e0 dei lavori proposti.<\/p>\n\n\n\n<p>La Giuria composta da:<\/p>\n\n\n\n<ul class=\"wp-block-list\">\n<li>Presidente Prof. Pietro Cerreta: insegnante di matematica e fisica in pensione,<\/li>\n\n\n\n<li>Prof.ssa Emilia Consoli: dirigente scolastica in pensione,<\/li>\n\n\n\n<li>Prof.ssa Mariarosaria Di Napoli: insegnante di matematica e fisica in pensione,<\/li>\n\n\n\n<li>Prof. Vincenzo Favale: insegnante di elettronica in pensione.<\/li>\n<\/ul>\n\n\n\n<p>ha assegnato i seguenti premi.<\/p>\n\n\n\n<h2 class=\"wp-block-heading\">Premio per il miglior progetto per la categoria \u201cScuola secondaria di I grado\u201d<\/h2>\n\n\n\n<p>all\u2019exhibit \u201c<strong>Le bottiglie comunicanti<\/strong>\u201d realizzato dalle alunne&nbsp; Amira El Janaty,&nbsp; Mayssam Farhane e&nbsp; Lucia Trezza della&nbsp; Classe 3H&nbsp; dell\u2019Istituto Comprensivo \u201cCaduti di Piazza Loggia\u201d di Ghedi (BS) \u2013 Docente referente Prof.ssa Antonietta D\u2019Agostino con la seguente motivazione:<br>\u201c<em>\u00c8 interessante la modalit\u00e0 da loro scelta per la dimostrazione del fenomeno dei vasi comunicanti: semplice e ben percepibile. Altri ragazzi possono trovare in essa un buon esempio da imitare, considerata la facile reperibilit\u00e0 dei materiali adoperati.\u201d<\/em><\/p>\n\n\n\n<h2 class=\"wp-block-heading\">Premio per il miglior progetto per la categoria \u201cScuola secondaria di II grado\u201d<\/h2>\n\n\n\n<p>all\u2019exhibit \u201c<strong>Il nostro piano inclinato<\/strong>\u201d&nbsp; realizzato dall\u2019alunno Paolo Zamparin della Classe 4 Cs del Liceo \u201cLeopardi Majorana\u201d di Pordenone \u2013 Docente referente Prof.ssa Susi Pilosio con la seguente motivazione:<br><em>\u201c\u00c8 stato apprezzato il lavoro di costruzione, di esplicitazione dei fenomeni e di spiegazione degli stessi e, in esso, sono stati ben accolti i riferimenti alla storia della fisica e all\u2019utilizzo delle nuove tecnologie mediante l\u2019uso della scheda Arduino-Leonardo e della stampante 3D. Degno di considerazione \u00e8 apparso anche il linguaggio scientifico adoperato<\/em>\u201c<\/p>\n","protected":false},"excerpt":{"rendered":"<p>PREMIO \u201cCreativit\u00e0 e Scienza nella costruzione di exhibit\u201din memoria di CANIO LELIO TOGLIAII Edizione \u2013 A.S. 2024-2025 Premessa Per onorare la memoria di Canio Lelio Toglia, docente, ingegnere, divulgatorescientifico e costruttore di exhibit scientifici, l&#8217;Associazione ScienzaViva, di cui \u00e8stato fondatore e Presidente, e la famiglia Toglia bandiscono un premio nel suo nome,da assegnarsi per concorso &hellip; <\/p>\n<p class=\"link-more\"><a href=\"https:\/\/scienzaviva.it\/index.php\/premiotoglia2025\/\" class=\"more-link\">Leggi tutto<span class=\"screen-reader-text\"> &#8220;Premio Toglia 2025&#8221;<\/span><\/a><\/p>\n","protected":false},"author":1,"featured_media":0,"parent":0,"menu_order":0,"comment_status":"closed","ping_status":"closed","template":"","meta":{"footnotes":""},"class_list":["post-1506","page","type-page","status-publish","hentry"],"_links":{"self":[{"href":"https:\/\/scienzaviva.it\/index.php\/wp-json\/wp\/v2\/pages\/1506","targetHints":{"allow":["GET"]}}],"collection":[{"href":"https:\/\/scienzaviva.it\/index.php\/wp-json\/wp\/v2\/pages"}],"about":[{"href":"https:\/\/scienzaviva.it\/index.php\/wp-json\/wp\/v2\/types\/page"}],"author":[{"embeddable":true,"href":"https:\/\/scienzaviva.it\/index.php\/wp-json\/wp\/v2\/users\/1"}],"replies":[{"embeddable":true,"href":"https:\/\/scienzaviva.it\/index.php\/wp-json\/wp\/v2\/comments?post=1506"}],"version-history":[{"count":7,"href":"https:\/\/scienzaviva.it\/index.php\/wp-json\/wp\/v2\/pages\/1506\/revisions"}],"predecessor-version":[{"id":1528,"href":"https:\/\/scienzaviva.it\/index.php\/wp-json\/wp\/v2\/pages\/1506\/revisions\/1528"}],"wp:attachment":[{"href":"https:\/\/scienzaviva.it\/index.php\/wp-json\/wp\/v2\/media?parent=1506"}],"curies":[{"name":"wp","href":"https:\/\/api.w.org\/{rel}","templated":true}]}}