{"id":1363,"date":"2024-01-24T08:53:14","date_gmt":"2024-01-24T07:53:14","guid":{"rendered":"https:\/\/scienzaviva.it\/?page_id=1363"},"modified":"2024-07-02T17:26:03","modified_gmt":"2024-07-02T15:26:03","slug":"premiotoglia2024","status":"publish","type":"page","link":"https:\/\/scienzaviva.it\/index.php\/premiotoglia2024\/","title":{"rendered":"Premio Toglia 2024"},"content":{"rendered":"\n<h2 class=\"wp-block-heading\"><strong>PREMIO \u201cArte e Scienza nella costruzione di exhibit<\/strong>\u201d<br>in memoria di CANIO LELIO TOGLIA<br>I Edizione \u2013 A.S. 2023-2024<\/h2>\n\n\n<div class=\"wp-block-image\">\n<figure class=\"aligncenter size-medium\"><img loading=\"lazy\" decoding=\"async\" width=\"300\" height=\"225\" src=\"https:\/\/scienzaviva.it\/wp-content\/uploads\/2024\/02\/01-300x225.jpg\" alt=\"\" class=\"wp-image-1371\" srcset=\"https:\/\/scienzaviva.it\/wp-content\/uploads\/2024\/02\/01-300x225.jpg 300w, https:\/\/scienzaviva.it\/wp-content\/uploads\/2024\/02\/01-1024x768.jpg 1024w, https:\/\/scienzaviva.it\/wp-content\/uploads\/2024\/02\/01-768x576.jpg 768w, https:\/\/scienzaviva.it\/wp-content\/uploads\/2024\/02\/01-1536x1152.jpg 1536w, https:\/\/scienzaviva.it\/wp-content\/uploads\/2024\/02\/01.jpg 1600w\" sizes=\"auto, (max-width: 300px) 100vw, 300px\" \/><\/figure><\/div>\n\n\n<p class=\"has-text-align-center\"><strong>Premessa<\/strong><\/p>\n\n\n\n<p>Per onorare la memoria di Canio Lelio Toglia, docente, ingegnere, divulgatore scientifico e costruttore di exhibit scientifici, l\u2019Associazione ScienzaViva, di cui \u00e8 stato fondatore e Presidente, e la famiglia Toglia bandiscono un premio nel suo nome, da assegnarsi per concorso nelle modalit\u00e0 di seguito esposte.<\/p>\n\n\n\n<p>L&#8217;obiettivo del concorso \u00e8 quello di contribuire alla diffusione della cultura scientifica nonch\u00e8 allo sviluppo della manualit\u00e0. A tal fine, i candidati sono chiamati a cimentarsi con la costruzione di un exhibit &nbsp;cio\u00e8 di un\u2019apparecchiatura mediante la quale si possa mostrare in modo semplice e comprensibile un dato fenomeno scientifico. Nell\u2019ideazione e nella realizzazione di un congegno di tal tipo \u00e8 importante, quindi, non solo conoscere il fenomeno preso in considerazione, ma soprattutto far s\u00ec che esso possa essere agevolmente spiegato agli altri. La parola &#8220;arte&#8221; nel titolo del concorso vuole sottolineare sia l\u2019ingegno richiesto nel costruirlo, magari con materiali di facile reperibilit\u00e0, sia la bellezza del suo aspetto.<\/p>\n\n\n\n<p class=\"has-text-align-center\"><strong>Regolamento del PREMIO \u201cArte e Scienza nella costruzione di exhibit\u201d <\/strong><br><strong>&nbsp;I Edizione, 2023-2024<\/strong><\/p>\n\n\n\n<p class=\"has-text-align-center\"><strong>Art.1<\/strong><br><strong>Destinatari<\/strong><\/p>\n\n\n\n<p>Il concorso \u00e8 rivolto alle alunne e agli alunni di scuola&nbsp; secondaria di tutto il territorio nazionale, divisi in due categorie: (I) scuola secondaria di primo grado; (II) scuola secondaria di secondo grado.<\/p>\n\n\n\n<p class=\"has-text-align-center\"><strong>Art.2<\/strong><br><strong>Oggetto del premio<\/strong><\/p>\n\n\n\n<p>Oggetto del concorso \u00e8 la progettazione, realizzazione e illustrazione di un exhibit scientifico: un\u2019apparecchiatura realizzata possibilmente con materiale di facile reperibilit\u00e0 che illustri in modo semplice e comprensibile un fenomeno scientifico.<\/p>\n\n\n\n<p>Al lavoro vincitore in ciascuna delle due categorie di cui all\u2019Art.1 verr\u00e0 riconosciuto un premio del valore di euro 500, da distribuirsi agli alunni che l\u2019hanno realizzato.<\/p>\n\n\n\n<p>Agli Istituti Scolastici di provenienza ed ai docenti referenti degli alunni premiati verr\u00e0 consegnata una Targa ricordo. A tutti gli Istituti Scolastici degli alunni concorrenti verr\u00e0 rilasciato un attestato di partecipazione.<strong><\/strong><\/p>\n\n\n\n<p class=\"has-text-align-center\"><strong>Art.3<\/strong><br><strong>Modalit\u00e0 di partecipazione e produzione degli exhibit<\/strong><\/p>\n\n\n\n<p>Possono partecipare singoli alunni, gruppi di alunni di una classe o di pi\u00f9 classi.<\/p>\n\n\n\n<p>La costruzione dell\u2019exhibit sar\u00e0 documentata mediante un video che non dovr\u00e0 superare la durata massima di 5 minuti. In esso si evidenzieranno i materiali usati nella realizzazione dell\u2019apparecchiatura, le varie fasi del lavoro eseguito e si illustrer\u00e0 il particolare fenomeno per il quale l\u2019exhibit \u00e8 stato progettato.<\/p>\n\n\n\n<p>Una volta realizzato il video, occorrer\u00e0 inviarlo tramite wetransfer.com, o mediante un servizio di trasferimento simile, al seguente indirizzo di posta elettronica: <a href=\"mailto:premioclt@scienzaviva.it\" target=\"_blank\" rel=\"noreferrer noopener\">premioclt@scienzaviva.it<\/a> con il titolo \u201cPartecipazione al Premio Toglia 2024\u201d e, nel messaggio, il nominativo dell\u2019alunno o degli alunni proponenti e quello del docente referente. Alla stessa mail dovr\u00e0 essere allegata la scheda&nbsp; compilata dai concorrenti e almeno un docente referente utilizzando il modello disponibile al sito <a href=\"https:\/\/scienzaviva.it\/index.php\/premiotoglia2024\/\" target=\"_blank\" rel=\"noreferrer noopener\">https:\/\/scienzaviva.it\/index.php\/premiotoglia2024\/<\/a><\/p>\n\n\n\n<p class=\"has-text-align-center\"><strong>Art. 4<\/strong><br><strong>Scadenza invio lavori<\/strong><\/p>\n\n\n\n<p>I video prodotti e la documentazione allegata dovranno essere inviati entro il <strong>31 maggio 2024<\/strong>.<strong><\/strong><\/p>\n\n\n\n<p class=\"has-text-align-center\"><strong>Art. 5<\/strong><br><strong>Selezione dei lavori e premio<\/strong><\/p>\n\n\n\n<p>I lavori saranno valutati da una Commissione composta da docenti esperti nel settore.<\/p>\n\n\n\n<p>La Commissione individuer\u00e0 il lavoro vincitore in ciascuna delle due categorie di cui all\u2019Art.1, con giudizio insindacabile.<\/p>\n\n\n\n<p>I risultati della selezione saranno resi pubblici sul sito dell\u2019Associazione ScienzaViva&nbsp; <a href=\"https:\/\/scienzaviva.it\/index.php\/premiotoglia2024\/\">https:\/\/scienzaviva.it\/index.php\/premiotoglia2024\/<\/a>&nbsp; entro il <strong>30 giugno 2024.<\/strong><strong><\/strong><\/p>\n\n\n\n<p class=\"has-text-align-center\"><strong>Art.6<\/strong><br><strong>Premiazione<\/strong><\/p>\n\n\n\n<p>La premiazione avverr\u00e0 con una manifestazione pubblica che si svolger\u00e0 a Calitri (AV) nel periodo fine-agosto inizio-settembre 2024, in data che sar\u00e0 comunicata all\u2019atto della pubblicazione dei risultati. Sar\u00e0 possibile la partecipazione da remoto.<strong><\/strong><\/p>\n\n\n\n<p class=\"has-text-align-center\"><strong>Art.7<\/strong><br><strong>Privacy e liberatoria<\/strong><\/p>\n\n\n\n<p>I video inviati resteranno a disposizione dell\u2019Associazione ScienzaViva che li divulgher\u00e0 tramite il proprio sito internet e potr\u00e0 utilizzarli per la realizzazione di mostre e iniziative a scopo didattico ed educativo.<\/p>\n\n\n\n<p>I lavori dovranno pervenire corredati dal consenso al trattamento dei dati personali ai sensi del D.Lgs. 10 agosto 2018, n. 101, secondo quanto previsto dalla documentazione resa disponibile sul sito <a href=\"https:\/\/scienzaviva.it\/index.php\/premiotoglia2024\/\" target=\"_blank\" rel=\"noreferrer noopener\">https:\/\/scienzaviva.it\/index.php\/premiotoglia2024\/<\/a> <\/p>\n\n\n\n<p class=\"has-text-align-center\"><strong>Art.8<\/strong><br><strong>Ulteriori informazioni<\/strong><\/p>\n\n\n\n<p>Per ulteriori informazioni contattare <a href=\"mailto:premioclt@scienzaviva.it\" target=\"_blank\" rel=\"noreferrer noopener\">premioclt@scienzaviva.it<\/a><\/p>\n\n\n\n<div class=\"wp-block-buttons is-layout-flex wp-block-buttons-is-layout-flex\">\n<div class=\"wp-block-button is-style-outline is-style-outline--1\"><a class=\"wp-block-button__link wp-element-button\" href=\"https:\/\/scienzaviva.it\/wp-content\/uploads\/2024\/02\/Premio-Canio-Lelio-Toglia-bando-di-concorso-I-edizione.pdf\" style=\"border-radius:0px\" target=\"_blank\" rel=\"noreferrer noopener\">Premio Canio Lelio Toglia bando di concorso I edizione.pdf   &gt;&gt;&gt;<\/a><\/div>\n\n\n\n<div class=\"wp-block-button is-style-outline is-style-outline--2\"><a class=\"wp-block-button__link wp-element-button\" href=\"https:\/\/scienzaviva.it\/wp-content\/uploads\/2024\/02\/Scheda-Tecnica-Bando-Canio-Lelio-Toglia-I-edizione.docx\" style=\"border-radius:0px\" target=\"_blank\" rel=\"noreferrer noopener\">Scheda Tecnica Bando Canio Lelio Toglia I edizione.docx   &gt;&gt;&gt;<\/a><\/div>\n<\/div>\n\n\n\n<h1 class=\"wp-block-heading\">Ecco i&nbsp; vincitori della I Edizione del Premio \u201cArte e scienza nella costruzione di exhibit\u201d, &nbsp;in memoria di Canio Lelio Toglia<\/h1>\n\n\n\n<p>La I edizione del Premio si \u00e8 chiusa con un grande successo, con la partecipazione di studenti e docenti di tutta Italia. L\u2019Associazione ScienzaViva ringrazia tutti i partecipanti, complimentandosi per l\u2019impegno profuso e per la qualit\u00e0 dei lavori proposti.<\/p>\n\n\n\n<p>La Giuria composta da:<\/p>\n\n\n\n<ul class=\"wp-block-list\">\n<li>Presidente Prof. Pietro Cerreta: insegnante di matematica e fisica in pensione,<\/li>\n\n\n\n<li>Prof.ssa Emilia Consoli: dirigente scolastica in pensione,<\/li>\n\n\n\n<li>Prof.ssa Mariarosaria Di Napoli: insegnante di matematica e fisica in pensione,<\/li>\n\n\n\n<li>Prof. Vincenzo Favale: insegnante di elettronica in pensione,<\/li>\n\n\n\n<li>Prof. Antonio Maffucci: prof. ordinario di elettrotecnica presso l\u2019universit\u00e0 di Cassino.<\/li>\n<\/ul>\n\n\n\n<p>ha assegnato i seguenti premi.<\/p>\n\n\n\n<h2 class=\"wp-block-heading\">Premio per il miglior progetto per la categoria \u201cScuola secondarie di I grado\u201d<\/h2>\n\n\n\n<p>all\u2019exhibit \u201c<strong>Il diavoletto di Cartesio<\/strong>\u201d&nbsp; realizzato dagli alunni Sara Ben Sellam \u2013 Antonella Cestone \u2013 Maria Cristina Cestone \u2013 Antonio Di Marco della Classe III B dell\u2019Istituto Comprensivo Manzi di Calitri (AV) \u2013 Docente referente Prof.ssa Rosa Russo con la seguente motivazione:<\/p>\n\n\n\n<p>\u201d&nbsp;<em>Il video si presenta ben realizzato perch\u00e9 evidenzia in modo efficace il fenomeno preso in considerazione dagli autori. E\u2019 altrettanto chiaro il lavoro da questi eseguito per la costruzione dell\u2019exhibit. Ci\u00f2 rende il suo funzionamento esplicito e facilmente comprensibile da parte di chi lo osserva. Da sottolineare la facile reperibilit\u00e0 dei materiali utilizzati e la valida spiegazione che accompagna il filmato.\u201d<\/em><\/p>\n\n\n\n<h2 class=\"wp-block-heading\">Premio per il miglior progetto per la categoria \u201cScuola secondarie di II grado\u201d<\/h2>\n\n\n\n<p>all\u2019exhibit \u201c<strong>Serie di pendoli di lunghezza crescente<\/strong>\u201d&nbsp; realizzato dagli alunni Loris Francesco Moriello \u2013&nbsp; Guido Pio Tartaglia \u2013 Jacopo Danilo Nuccitelli della classe 3BS del Liceo Scientifico dell\u2019I.I.S. \u201cFederico II di Svevia\u201d di Melfi (PZ) \u2013 Docente referente Prof.ssa Angela Tronnolone con la seguente motivazione:<\/p>\n\n\n\n<p><em>\u201cLa commissione ha apprezzato il lavoro di costruzione dell\u2019exhibit e la spiegazione del relativo fenomeno fisico. Chiaro il linguaggio utilizzato che esplicita le varie fasi di allestimento dell\u2019apparecchiatura, peraltro eseguito con materiale di facile reperibilit\u00e0 che lo rende anche esteticamente gradevole.\u201d<\/em><\/p>\n","protected":false},"excerpt":{"rendered":"<p>PREMIO \u201cArte e Scienza nella costruzione di exhibit\u201din memoria di CANIO LELIO TOGLIAI Edizione \u2013 A.S. 2023-2024 Premessa Per onorare la memoria di Canio Lelio Toglia, docente, ingegnere, divulgatore scientifico e costruttore di exhibit scientifici, l\u2019Associazione ScienzaViva, di cui \u00e8 stato fondatore e Presidente, e la famiglia Toglia bandiscono un premio nel suo nome, da &hellip; <\/p>\n<p class=\"link-more\"><a href=\"https:\/\/scienzaviva.it\/index.php\/premiotoglia2024\/\" class=\"more-link\">Leggi tutto<span class=\"screen-reader-text\"> &#8220;Premio Toglia 2024&#8221;<\/span><\/a><\/p>\n","protected":false},"author":1,"featured_media":0,"parent":0,"menu_order":0,"comment_status":"closed","ping_status":"closed","template":"","meta":{"footnotes":""},"class_list":["post-1363","page","type-page","status-publish","hentry"],"_links":{"self":[{"href":"https:\/\/scienzaviva.it\/index.php\/wp-json\/wp\/v2\/pages\/1363","targetHints":{"allow":["GET"]}}],"collection":[{"href":"https:\/\/scienzaviva.it\/index.php\/wp-json\/wp\/v2\/pages"}],"about":[{"href":"https:\/\/scienzaviva.it\/index.php\/wp-json\/wp\/v2\/types\/page"}],"author":[{"embeddable":true,"href":"https:\/\/scienzaviva.it\/index.php\/wp-json\/wp\/v2\/users\/1"}],"replies":[{"embeddable":true,"href":"https:\/\/scienzaviva.it\/index.php\/wp-json\/wp\/v2\/comments?post=1363"}],"version-history":[{"count":11,"href":"https:\/\/scienzaviva.it\/index.php\/wp-json\/wp\/v2\/pages\/1363\/revisions"}],"predecessor-version":[{"id":1484,"href":"https:\/\/scienzaviva.it\/index.php\/wp-json\/wp\/v2\/pages\/1363\/revisions\/1484"}],"wp:attachment":[{"href":"https:\/\/scienzaviva.it\/index.php\/wp-json\/wp\/v2\/media?parent=1363"}],"curies":[{"name":"wp","href":"https:\/\/api.w.org\/{rel}","templated":true}]}}